{"id":189,"date":"2024-03-20T11:51:46","date_gmt":"2024-03-20T11:51:46","guid":{"rendered":"https:\/\/novaveritas.org\/certificaciones\/?page_id=189"},"modified":"2024-03-21T11:05:55","modified_gmt":"2024-03-21T11:05:55","slug":"marcado-ce","status":"publish","type":"page","link":"https:\/\/novaveritas.org\/certificaciones\/index.php\/marcado-ce\/","title":{"rendered":"Marcado CE"},"content":{"rendered":"<p><img fetchpriority=\"high\" decoding=\"async\" class=\"aligncenter size-full wp-image-191\" src=\"https:\/\/novaveritas.org\/certificaciones\/wp-content\/uploads\/2024\/03\/Marcado-CE.png\" alt=\"\" width=\"1024\" height=\"576\" srcset=\"https:\/\/novaveritas.org\/certificaciones\/wp-content\/uploads\/2024\/03\/Marcado-CE.png 1024w, https:\/\/novaveritas.org\/certificaciones\/wp-content\/uploads\/2024\/03\/Marcado-CE-300x169.png 300w, https:\/\/novaveritas.org\/certificaciones\/wp-content\/uploads\/2024\/03\/Marcado-CE-768x432.png 768w, https:\/\/novaveritas.org\/certificaciones\/wp-content\/uploads\/2024\/03\/Marcado-CE-470x264.png 470w\" sizes=\"(max-width: 1024px) 100vw, 1024px\" \/><\/p>\n<h3>\u00bfQu\u00e9 es el marcado CE?<\/h3>\n<p>El marcado CE es una certificaci\u00f3n que indica que un producto ha sido evaluado por el fabricante y se considera que cumple con los requisitos legales de la Uni\u00f3n Europea (UE) para ser vendido en el Espacio Econ\u00f3mico Europeo (EEE). La sigla \u00abCE\u00bb proviene del franc\u00e9s \u00abConformit\u00e9 Europ\u00e9enne\u00bb, que significa \u00abConformidad Europea\u00bb. Este marcado es visible en una amplia gama de productos, incluidos juguetes, electrodom\u00e9sticos, insumos para la construcci\u00f3n, herramientas el\u00e9ctricas y equipos m\u00e9dicos, entre otros.<\/p>\n<p>El prop\u00f3sito del marcado CE es garantizar que los productos comercializados en el EEE sean seguros para el uso previsto, no comprometan la salud ni la seguridad de los consumidores y cumplan con las normativas pertinentes de protecci\u00f3n ambiental. Al llevar el marcado CE, el fabricante declara que el producto cumple con todos los requisitos legales necesarios para el CE, lo que incluye las normativas de seguridad, salud y protecci\u00f3n ambiental relevantes para el producto.<\/p>\n<p>El proceso para obtener el marcado CE var\u00eda seg\u00fan el tipo de producto y puede incluir una evaluaci\u00f3n de conformidad por parte del fabricante, pruebas de producto, la implementaci\u00f3n de un sistema de gesti\u00f3n de la calidad, y, en algunos casos, la inspecci\u00f3n por parte de un organismo notificado (una organizaci\u00f3n independiente designada por un pa\u00eds de la UE para evaluar la conformidad de ciertos productos antes de ser comercializados).<\/p>\n<p>Es importante destacar que el marcado CE es obligatorio para los productos que entran en el \u00e1mbito de aplicaci\u00f3n de al menos una de las directivas o regulaciones que exigen este tipo de certificaci\u00f3n. Sin embargo, no todos los productos vendidos en la UE necesitan llevar el marcado CE; solo aquellos que est\u00e1n sujetos a las especificaciones de las directivas o regulaciones de la UE que exigen este marcado.<\/p>\n<h3>\u00bfEs obligatorio el marcado CE?<\/h3>\n<p>El marcado CE es obligatorio para todos los productos que caen dentro del alcance de una o m\u00e1s de las directivas o reglamentos de la Uni\u00f3n Europea (UE) que las regulan y que requieren tal marcado antes de que puedan ser comercializados o puestos en servicio en el Espacio Econ\u00f3mico Europeo (EEE), que incluye a los 27 estados miembros de la UE m\u00e1s Islandia, Liechtenstein, y Noruega.<\/p>\n<p>El marcado CE forma parte del Reglamento (UE) N\u00b0 305\/2011, el cual entr\u00f3 en vigencia el 1 de Julio de 2013 y mediante el cual se establecen las condiciones armonizadas para comercializar diversos tipos de productos, entre ellos los de la construcci\u00f3n.<\/p>\n<p>Este marcado indica que el producto cumple con los requisitos esenciales de seguridad, salud y protecci\u00f3n ambiental establecidos en las directivas y reglamentos de la UE aplicables. Algunas de las categor\u00edas de productos que requieren el marcado CE incluyen:<\/p>\n<ul>\n<li><strong>Productos de construcci\u00f3n<\/strong>\n<ul>\n<li><a href=\"https:\/\/www.boe.es\/buscar\/doc.php?id=DOUE-L-2011-80721\" target=\"_blank\" rel=\"noopener\">Directiva reglamentaria de productos de construcci\u00f3n | Reglamento (UE) N\u00b0 305\/2011<\/a><\/li>\n<\/ul>\n<\/li>\n<li><strong>Productos sanitario para diagn\u00f3stico in-vitro<\/strong><\/li>\n<li><strong>Productos sanitarios activos<\/strong><\/li>\n<li><strong>Equipos radioel\u00e9ctricos y telecomunicaci\u00f3n<\/strong><\/li>\n<li><strong>Equipos de protecci\u00f3n individual<\/strong><\/li>\n<li><strong>Equipo el\u00e9ctrico electr\u00f3nico<\/strong>\n<ul>\n<li><a href=\"https:\/\/www.boe.es\/doue\/2014\/096\/L00079-00106.pdf\" target=\"_blank\" rel=\"noopener\">Directiva EMC (2014\/30\/UE)<\/a><\/li>\n<li><a href=\"https:\/\/www.boe.es\/buscar\/doc.php?id=DOUE-L-2011-81307\" target=\"_blank\" rel=\"noopener\">Directiva RoHS 2<\/a><\/li>\n<li><a href=\"https:\/\/www.boe.es\/doue\/2014\/096\/L00357-00374.pdf\" target=\"_blank\" rel=\"noopener\">Directiva de Baja Tensi\u00f3n (2014\/35\/UE)<\/a><\/li>\n<\/ul>\n<\/li>\n<li><strong>Equipos a presi\u00f3n<\/strong>\n<ul>\n<li><a href=\"https:\/\/www.boe.es\/doue\/2014\/189\/L00164-00259.pdf\" target=\"_blank\" rel=\"noopener\">Directiva de los equipos a presi\u00f3n (2014\/68\/UE)<\/a><\/li>\n<\/ul>\n<\/li>\n<li><strong>Equipos de pesaje<\/strong><\/li>\n<li><strong>Aparatos a gas<\/strong><\/li>\n<li><strong>Calderas y equipos de climatizaci\u00f3n<\/strong><\/li>\n<li><strong>Juguetes<\/strong>\n<ul>\n<li><a href=\"https:\/\/eur-lex.europa.eu\/LexUriServ\/LexUriServ.do?uri=OJ:L:2009:170:0001:0037:es:PDF\" target=\"_blank\" rel=\"noopener\">Directiva de seguridad de los juguetes (2009\/48\/CE)<\/a><\/li>\n<\/ul>\n<\/li>\n<li><strong>Cualquier maquina o equipo alimentado por corriente el\u00e9ctrica<\/strong><\/li>\n<li>Equipos marinos\n<ul>\n<li><a href=\"https:\/\/www.boe.es\/buscar\/doc.php?id=DOUE-L-2014-81826\" target=\"_blank\" rel=\"noopener\">Directiva sobre equipos marinos (2014\/90\/UE)<\/a><\/li>\n<\/ul>\n<\/li>\n<\/ul>\n<p>Para estos y otros productos dentro del \u00e1mbito de las directivas que requieren el marcado CE, <strong>los fabricantes deben realizar una evaluaci\u00f3n de conformidad<\/strong>, la cual puede implicar la autoevaluaci\u00f3n o la intervenci\u00f3n de un organismo notificado, dependiendo de la naturaleza y el riesgo del producto. Una vez que se determina que el producto cumple con todas las regulaciones relevantes, el fabricante puede colocar el marcado CE en el producto y elaborar una Declaraci\u00f3n de Conformidad que debe estar disponible para las autoridades reguladoras.<\/p>\n<p>Es crucial entender que <strong>el marcado CE es un requisito legal para los productos que caen bajo las directivas y reglamentos relevantes<\/strong>; no es opcional. Colocar el marcado CE en un producto que no cumple con los requisitos de la UE, o en productos para los cuales no se requiere, se considera una violaci\u00f3n de las regulaciones de la UE y puede resultar en sanciones, incluidas multas y la retirada del producto del mercado.<\/p>\n<h3>\u00bfEl marcado CE es una marca comercial?<\/h3>\n<p><img decoding=\"async\" class=\"wp-image-193 size-medium alignleft\" src=\"https:\/\/novaveritas.org\/certificaciones\/wp-content\/uploads\/2024\/03\/marcadoCE-Logooficial-300x204.png\" alt=\"\" width=\"300\" height=\"204\" srcset=\"https:\/\/novaveritas.org\/certificaciones\/wp-content\/uploads\/2024\/03\/marcadoCE-Logooficial-300x204.png 300w, https:\/\/novaveritas.org\/certificaciones\/wp-content\/uploads\/2024\/03\/marcadoCE-Logooficial-768x521.png 768w, https:\/\/novaveritas.org\/certificaciones\/wp-content\/uploads\/2024\/03\/marcadoCE-Logooficial.png 891w\" sizes=\"(max-width: 300px) 100vw, 300px\" \/>No, no lo es, pero es una identificaci\u00f3n que hace que cada producto que ingresa al mercado europeo demuestre su confirmidad respecto de una norma o estandard espec\u00edfico establecido por la Comisi\u00f3n Europea y, mediante esta marca, el fabricante da fe que su producto cumple con todos los requisitos pertinentes en materia de seguridad, salud, defensa de medio ambiente y cualquier otro aspecto de inter\u00e9s colectivos.<\/p>\n<p>As\u00ed mismo el marcado CE permite unificar criterios de manera que se reduzcan barreras comerciales y se proteja, de manera uniforme, al p\u00fablico.<\/p>\n<h3>\u00bfC\u00f3mo se obtiene el marcado CE?<\/h3>\n<p>Como fabricante, es su responsabilidad exclusiva asegurar que su producto cumpla con todos los requisitos reglamentarios aplicables para obtener el marcado CE. Este proceso no requiere de una licencia espec\u00edfica para el uso del marcado en su producto, pero es imperativo seguir una serie de pasos cruciales antes de proceder:<\/p>\n<p><img decoding=\"async\" class=\"aligncenter size-full wp-image-201\" src=\"https:\/\/novaveritas.org\/certificaciones\/wp-content\/uploads\/2024\/03\/marcado-equipo-CE.jpg\" alt=\"\" width=\"997\" height=\"449\" srcset=\"https:\/\/novaveritas.org\/certificaciones\/wp-content\/uploads\/2024\/03\/marcado-equipo-CE.jpg 997w, https:\/\/novaveritas.org\/certificaciones\/wp-content\/uploads\/2024\/03\/marcado-equipo-CE-300x135.jpg 300w, https:\/\/novaveritas.org\/certificaciones\/wp-content\/uploads\/2024\/03\/marcado-equipo-CE-768x346.jpg 768w\" sizes=\"(max-width: 997px) 100vw, 997px\" \/><\/p>\n<h3>1.- Verificaci\u00f3n de Conformidad:<\/h3>\n<p>Aseg\u00farese de que su producto cumpla \u00edntegramente con las normativas y requisitos pertinentes de la Uni\u00f3n Europea. Esto implica una comprensi\u00f3n exhaustiva de las regulaciones aplicables a su producto espec\u00edfico y la implementaci\u00f3n de las medidas necesarias para cumplir con dichas normas.\u00a0 Puede asesorarse por un consultor internacional con competencias en marcado CE demostrable.<\/p>\n<h3>2.- Evaluaci\u00f3n de Conformidad:<\/h3>\n<p>Determine si es posible realizar una autoevaluaci\u00f3n de su producto o si necesita involucrar a un <strong>organismo notificado<\/strong>. La elecci\u00f3n depende de la categor\u00eda del producto y de los riesgos asociados que se definen en las directivas de la UE pertinentes. <strong>Los organismos notificados son entidades acreditadas<\/strong> que tienen la autoridad para evaluar la conformidad de productos espec\u00edficos con los requisitos de la UE.<\/p>\n<h3>3.- Documentaci\u00f3n T\u00e9cnica:<\/h3>\n<p>Elaborar un dossier t\u00e9cnico es un paso crucial. Este debe contener <strong>toda la informaci\u00f3n y evidencia necesaria que demuestre la conformidad del producto<\/strong> con las normativas de la UE. Informaci\u00f3n sobre los procedimientos de evaluaci\u00f3n de conformidad, especificaciones t\u00e9cnicas, datos de pruebas y an\u00e1lisis, y la justificaci\u00f3n de c\u00f3mo el producto cumple con los requisitos de la UE deben ser incluidos.<\/p>\n<h3>4.- Declaraci\u00f3n de Conformidad de la UE:<\/h3>\n<p>Redactar y firmar una Declaraci\u00f3n de Conformidad de la UE es el acto final que afirma que su producto cumple con todos los requisitos legales pertinentes. Esta declaraci\u00f3n debe conservarse junto con la documentaci\u00f3n t\u00e9cnica.<\/p>\n<h3>Autoridades de la UE pueden llegar a requerir la evidencia que demuestre que el marcado CE es pertinente al producto.<\/h3>\n<p>Una vez que su producto est\u00e9 marcado con el CE, debe estar preparado para presentar toda la documentaci\u00f3n justificativa a las autoridades nacionales competentes, en caso de que lo soliciten. Esta documentaci\u00f3n incluye, pero no se limita a, la Declaraci\u00f3n de Conformidad de la UE y el dossier t\u00e9cnico. La capacidad para proporcionar esta informaci\u00f3n de manera eficiente y efectiva es esencial para el mantenimiento del marcado CE en su producto.<\/p>\n<p>Recuerde que el marcado CE simboliza no solo el cumplimiento con los est\u00e1ndares de seguridad, salud y protecci\u00f3n ambiental de la UE, sino tambi\u00e9n su compromiso con la calidad y la confianza del consumidor en su producto.<\/p>\n<h3>Evaluaci\u00f3n independiente<\/h3>\n<p>La evaluaci\u00f3n independiente <strong>NO ES UN MARCADO CE<\/strong>, tampoco es un requisito; sin embargo, es una buena pr\u00e1ctica que una organizaci\u00f3n competente le de soporte para determinar si el dossier t\u00e9cnico cumple con todos los requisitos necesarios para obtener el marcado CE.<\/p>\n<p>Una organizaci\u00f3n como <strong>Novaveritas Certificaciones y su red de asociados<\/strong> le puede ayudar a determinar si su producto requiere la evaluaci\u00f3n de un organismo notificado para cumplir con las normativas de la Uni\u00f3n Europea.<\/p>\n<p>Esta necesidad puede identificarse consultando la legislaci\u00f3n espec\u00edfica relacionada con su producto, donde se establecen las normas por categor\u00eda de productos. Es importante destacar que <strong>no todos los productos necesitan ser examinados por un organismo notificado<\/strong>; esta es una exigencia que var\u00eda en funci\u00f3n de la categor\u00eda y especificaciones del producto.<\/p>\n<p><strong>En caso de que su producto deba ser evaluado por un organismo notificado, es crucial incluir, junto al marcado CE en el producto, el n\u00famero de identificaci\u00f3n de dicho organismo.<\/strong> El marcado CE y el n\u00famero de identificaci\u00f3n del organismo notificado pueden colocarse de forma independiente en el producto, siempre que exista una clara asociaci\u00f3n entre ambos.<\/p>\n<p>Para identificar un organismo notificado adecuado que pueda certificar su producto, se recomienda utilizar la base de datos NANDO (New Approach Notified and Designated Organisations). Esta herramienta en l\u00ednea facilita la b\u00fasqueda y selecci\u00f3n de un organismo notificado que cumpla con los requisitos espec\u00edficos de certificaci\u00f3n de su producto.<\/p>\n<p>Si la evaluaci\u00f3n por parte de un organismo notificado no es un requisito para su producto, la responsabilidad de asegurar que cumple con todos los requisitos t\u00e9cnicos necesarios recae directamente sobre usted. Esto implica llevar a cabo una evaluaci\u00f3n meticulosa para asegurar que el producto no solo cumple con los est\u00e1ndares de seguridad y calidad establecidos por la UE, sino que tambi\u00e9n se han identificado y documentado adecuadamente todos los posibles riesgos asociados con el uso del producto.<\/p>\n<h3>\u00bfCu\u00e1nto se deber\u00eda pagar de impuestos por cada marcado CE?<\/h3>\n<p>Si decide evaluar por su cuenta la conformidad de su producto con las normativas de la Uni\u00f3n Europea, este proceso no implicar\u00e1 costos adicionales para usted. En otras palabras, si como fabricante lleva a cabo la evaluaci\u00f3n de conformidad, no tiene que pagar tasas. No obstante, si su producto necesita la verificaci\u00f3n de un organismo notificado debido a los requisitos espec\u00edficos de la UE o si elige voluntariamente utilizar los servicios de uno para certificar su producto, deber\u00e1 cubrir los costos asociados a este servicio.<\/p>\n<p>El precio por la evaluaci\u00f3n y certificaci\u00f3n por un organismo notificado var\u00eda. Esta variabilidad depende de varios factores, como el tipo de certificaci\u00f3n requerida y la complejidad del producto. Por ejemplo, productos m\u00e1s complejos o aquellos que deben cumplir con regulaciones m\u00e1s estrictas pueden involucrar procesos de evaluaci\u00f3n m\u00e1s detallados y, por ende, costos m\u00e1s elevados.<\/p>\n<p>En resumen, la decisi\u00f3n entre realizar la evaluaci\u00f3n de conformidad internamente o contratar a un organismo notificado implica considerar tanto los requisitos reglamentarios de su producto como los posibles costos financieros.<\/p>\n<h3>\u00bfD\u00f3nde y c\u00f3mo se utiliza el marcado CE?<\/h3>\n<p>El marcado CE, representado por las letras \u00abCE\u00bb, debe ser aplicado de forma que sea claramente visible, legible y permanente.<\/p>\n<p>Las dimensiones de las letras \u00abCE\u00bb deben ser proporcionales y equilibradas, con una altura m\u00ednima de 5 mm, a menos que las especificaciones particulares de un producto indiquen lo contrario.<\/p>\n<p>Al ajustar el tama\u00f1o del marcado CE en su producto, es crucial mantener la relaci\u00f3n proporcional entre ambas letras para asegurar su correcta identificaci\u00f3n. La visibilidad del marcado CE se puede adaptar en diversas formas, incluyendo variaciones en color y dise\u00f1o (solido o contorno), siempre que se mantenga legible.<\/p>\n<p>En situaciones donde no sea posible colocar el marcado CE directamente sobre el producto, este se puede incluir en el embalaje, en caso de que el producto sea entregado empacado, o en documentos que se proporcionen junto al producto. Para productos que deben cumplir con m\u00faltiples directivas o reglamentaciones de la UE que requieren el marcado CE, es esencial que la documentaci\u00f3n adjunta confirme el cumplimiento con todas las normativas de la UE pertinentes.<\/p>\n<h3>\u00bfCada cu\u00e1nto tiempo se debe renovar el marcado CE?<\/h3>\n<p>El marcado CE es como un pasaporte para tus productos: no expira. Sin embargo, la declaraci\u00f3n de conformidad de la UE, esa carta de presentaci\u00f3n que acompa\u00f1a al marcado CE, necesita estar siempre al d\u00eda. Imagina que la declaraci\u00f3n es una biograf\u00eda de tu producto; si algo importante cambia \u2014como las leyes, detalles del producto, o incluso tus datos de contacto o los de tu representante\u2014, tu biograf\u00eda necesita una actualizaci\u00f3n para reflejar esos cambios.<\/p>\n<p>Cuando se trata de productos que cruzan fronteras hacia nuevos mercados, el importador se convierte en el guardi\u00e1n de la historia de tu producto. Debe asegurarse de que viaje con su declaraci\u00f3n de conformidad y de guardar una copia de esta durante diez a\u00f1os despu\u00e9s de que el producto haya hecho su gran entrada en el mercado. Piensa en ello como en cuidar los recuerdos valiosos de un viaje, asegur\u00e1ndote de que la historia de tu producto permanezca clara y accesible para todos los que puedan necesitarla.<\/p>\n<h3>\u00bfEn cu\u00e1les paises es obligatorio el marcado CE?<\/h3>\n<p>Austria, B\u00e9lgica, Bulgaria, Croacia, Rep\u00fablica Checa, Chipre, Dinamarca, Estonia, Finlandia, Francia, Alemania, Grecia, Hungr\u00eda, Islandia, Irlanda, Italia, Letonia, Malta, Liechtenstein, Luxemburgo, Rep\u00fablica de Corea, Noruega, Pa\u00edses Bajos, Polonia, Portugal, Rumania, Eslovaquia, Elovenia, Espa\u00f1a, Suecia, Suiza, Turquia.<\/p>\n<h3>\u00bfQu\u00e9 sucede con el marcado CE en el Reino Unido, despues del Brexit?<\/h3>\n<p><strong>La marca UKCA<\/strong> (United Kingdom Conformity Assessed) es el nuevo est\u00e1ndar de marcado de productos exigido en el Reino Unido para aquellos productos comercializados en Gran Breta\u00f1a (Inglaterra, Escocia y Gales) a partir del 1 de enero de 2021 en reemplazando los anteriores requisitos de la Uni\u00f3n Europea asociados al marcado CE. <strong>Sin embargo, el marcado CE a\u00fan ser\u00e1 v\u00e1lido en Irlanda<\/strong> <strong>del Norte<\/strong>, en Gran Breta\u00f1a se requerir\u00e1 la marca UKCA para indicar que un producto cumple con los est\u00e1ndares espec\u00edficos del Reino Unido.<\/p>\n<p>Esta normativa se estableci\u00f3 en el marco legal brit\u00e1nico tras su salida de la Uni\u00f3n Europea, con la mayor\u00eda de las directrices definidas en el Instrumento Legal del Reino Unido de 2019 n\u00famero 696 y sus posteriores modificaciones, aunque con excepciones para ciertos productos como dispositivos automotrices, marinos y m\u00e9dicos.<\/p>\n<p>El r\u00e9gimen legal del Reino Unido post-Brexit estipula que los productos sujetos a auto-declaraci\u00f3n o aquellos que previamente requer\u00edan una evaluaci\u00f3n por parte de un organismo notificado, ahora deben portar el marcado UKCA. Si bien inicialmente las normas del UKCA seguir\u00e1n muy de cerca las del marcado CE que sustituyen, se anticipa que con el tiempo estas puedan divergir. Es importante destacar que para los productos comercializados en el mercado de Irlanda del Norte, podr\u00edan aplicarse requisitos adicionales en virtud del Protocolo de Irlanda del Norte, separados de las regulaciones de Gran Breta\u00f1a.<\/p>\n<h6>Nota del autor: La presente informaci\u00f3n no es de caracter oficial y puede ser incompleta. Novaveritas no se hace responsable por el uso de la presente informaci\u00f3n la cual es solamente de caracter informativo. Es usuario de la presente informaci\u00f3n es responsable de documentarse desde las fuentes oficiales. Los enlaces en esta p\u00e1gina conducen a fuentes oficiales.<\/h6>\n","protected":false},"excerpt":{"rendered":"<p>\u00bfQu\u00e9 es el marcado CE? El marcado CE es una certificaci\u00f3n que indica que un producto ha sido evaluado por el fabricante y se considera que cumple con los requisitos legales de la Uni\u00f3n Europea (UE) para ser vendido en el Espacio Econ\u00f3mico Europeo (EEE). La sigla \u00abCE\u00bb proviene del franc\u00e9s \u00abConformit\u00e9 Europ\u00e9enne\u00bb, que significa [&hellip;]<\/p>\n","protected":false},"author":3,"featured_media":0,"parent":0,"menu_order":0,"comment_status":"closed","ping_status":"closed","template":"","meta":{"zakra_page_container_layout":"customizer","zakra_page_sidebar_layout":"customizer","zakra_remove_content_margin":false,"zakra_sidebar":"customizer","zakra_transparent_header":"customizer","zakra_logo":0,"zakra_main_header_style":"default","zakra_menu_item_color":"","zakra_menu_item_hover_color":"","zakra_menu_item_active_color":"","zakra_menu_active_style":"","zakra_page_header":true,"footnotes":""},"class_list":["post-189","page","type-page","status-publish","hentry"],"_links":{"self":[{"href":"https:\/\/novaveritas.org\/certificaciones\/index.php\/wp-json\/wp\/v2\/pages\/189","targetHints":{"allow":["GET"]}}],"collection":[{"href":"https:\/\/novaveritas.org\/certificaciones\/index.php\/wp-json\/wp\/v2\/pages"}],"about":[{"href":"https:\/\/novaveritas.org\/certificaciones\/index.php\/wp-json\/wp\/v2\/types\/page"}],"author":[{"embeddable":true,"href":"https:\/\/novaveritas.org\/certificaciones\/index.php\/wp-json\/wp\/v2\/users\/3"}],"replies":[{"embeddable":true,"href":"https:\/\/novaveritas.org\/certificaciones\/index.php\/wp-json\/wp\/v2\/comments?post=189"}],"version-history":[{"count":9,"href":"https:\/\/novaveritas.org\/certificaciones\/index.php\/wp-json\/wp\/v2\/pages\/189\/revisions"}],"predecessor-version":[{"id":203,"href":"https:\/\/novaveritas.org\/certificaciones\/index.php\/wp-json\/wp\/v2\/pages\/189\/revisions\/203"}],"wp:attachment":[{"href":"https:\/\/novaveritas.org\/certificaciones\/index.php\/wp-json\/wp\/v2\/media?parent=189"}],"curies":[{"name":"wp","href":"https:\/\/api.w.org\/{rel}","templated":true}]}}