{"id":22,"date":"2023-03-26T03:05:53","date_gmt":"2023-03-26T03:05:53","guid":{"rendered":"https:\/\/novaveritas.org\/certificaciones\/?page_id=22"},"modified":"2026-02-21T20:51:44","modified_gmt":"2026-02-21T20:51:44","slug":"nosotros","status":"publish","type":"page","link":"https:\/\/novaveritas.org\/certificaciones\/","title":{"rendered":"Nosotros"},"content":{"rendered":"<p data-start=\"562\" data-end=\"724\"><strong data-start=\"562\" data-end=\"582\">Novaveritas S.A.<\/strong> es un organismo certificador paraguayo especializado en auditor\u00eda y certificaci\u00f3n de sistemas de gesti\u00f3n bajo est\u00e1ndares internacionales ISO. <span style=\"font-size: 1.6rem;\">Emite certificaciones propias bajo esquemas privados; r<\/span><span style=\"font-size: 1.6rem;\">ealiza auditor\u00edas de tercera parte en nombre de organismos de certificaci\u00f3n acreditados, y o<\/span><span style=\"font-size: 1.6rem;\">pera en representaci\u00f3n de Organismos de Certificaci\u00f3n y de Inspecci\u00f3n reconocidos y acreditados internacionalmente bajo el esquema del\u00a0<\/span><strong style=\"font-size: 1.6rem;\">International Accreditation Forum (IAF)<\/strong><span style=\"font-size: 1.6rem;\">.<\/span><\/p>\n<p data-start=\"726\" data-end=\"969\">Ayudamos a empresas a obtener <strong data-start=\"756\" data-end=\"868\">certificaci\u00f3n ISO 9001 (Calidad), ISO 14001 (Gesti\u00f3n Ambiental), ISO 45001 (Seguridad y Salud en el Trabajo), ISO 27001 (Seguridad de la informaci\u00f3n), ISO 37001 (Gesti\u00f3n del antisoborno)<\/strong>\u00a0y otras normas estrat\u00e9gicas, fortaleciendo su competitividad, reputaci\u00f3n y acceso a nuevos mercados.<\/p>\n<p data-start=\"971\" data-end=\"1117\">Trabajamos con un enfoque t\u00e9cnico, independiente y orientado a resultados reales. No vendemos certificados. Certificamos sistemas que funcionan.<\/p>\n<h1>Certificaci\u00f3n internacional<\/h1>\n<p data-start=\"1174\" data-end=\"1378\">Novaveritas mantiene un <strong data-start=\"1198\" data-end=\"1232\">Acuerdo de Entendimiento (MOU)<\/strong> con <span class=\"hover:entity-accent entity-underline inline cursor-pointer align-baseline\"><span class=\"whitespace-normal\">TNV Certification Service Pvt. Ltd.<\/span><\/span>, organismo de certificaci\u00f3n acreditado bajo el esquema del <span class=\"hover:entity-accent entity-underline inline cursor-pointer align-baseline\"><span class=\"whitespace-normal\">International Accreditation Forum<\/span><\/span> (IAF).<\/p>\n<p data-start=\"1380\" data-end=\"1423\">Esto permite a nuestros clientes acceder a:<\/p>\n<ul data-start=\"1425\" data-end=\"1660\">\n<li data-start=\"1425\" data-end=\"1482\">\n<p data-start=\"1427\" data-end=\"1482\">Certificaci\u00f3n internacional con reconocimiento global<\/p>\n<\/li>\n<li data-start=\"1483\" data-end=\"1520\">\n<p data-start=\"1485\" data-end=\"1520\">Validaci\u00f3n online del certificado<\/p>\n<\/li>\n<li data-start=\"1521\" data-end=\"1601\">\n<p data-start=\"1523\" data-end=\"1601\">Reconocimiento <a href=\"https:\/\/www.conacyt.gov.py\/reconocimientos-de-acreditacion-ONA\" target=\"_blank\" rel=\"noopener\">de la acreditaci\u00f3n internacional<\/a> de\u00a0 TNV Certification Services Pvt. Ltd. por el <span class=\"hover:entity-accent entity-underline inline cursor-pointer align-baseline\"><span class=\"whitespace-normal\">Organismo Nacional de Acreditaci\u00f3n<\/span><\/span> (ONA \u2013 Paraguay)<\/p>\n<\/li>\n<li data-start=\"1602\" data-end=\"1660\">\n<p data-start=\"1604\" data-end=\"1660\">Respaldo t\u00e9cnico conforme a est\u00e1ndares internacionales<\/p>\n<\/li>\n<\/ul>\n<p data-start=\"1662\" data-end=\"1806\">La auditor\u00eda es realizada por profesionales calificados y autorizados, garantizando imparcialidad, competencia t\u00e9cnica y cumplimiento normativo.<\/p>\n<h2 data-start=\"2280\" data-end=\"2311\">\u00bfPor qu\u00e9 elegir Novaveritas?<\/h2>\n<p data-start=\"2313\" data-end=\"2520\">\u2714 Organizaci\u00f3n constituida bajo las leyes de la Rep\u00fablica de Paraguay.<br data-start=\"2347\" data-end=\"2350\" \/>\u2714 Experiencia en m\u00faltiples sectores<br data-start=\"2385\" data-end=\"2388\" \/>\u2714 Equipo auditor calificado internacionalmente<br data-start=\"2434\" data-end=\"2437\" \/>\u2714 Certificaci\u00f3n emitida por terceros con acreditaci\u00f3n internacional bajo un esquema IAF<br data-start=\"2475\" data-end=\"2478\" \/>\u2714 Compromiso real con la mejora continua<\/p>\n<p data-start=\"2313\" data-end=\"2520\">Ofrecemos esquemas de certificaci\u00f3n accesibles, \u00e1giles y t\u00e9cnicamente rigurosos, dise\u00f1ados especialmente para el mercado empresarial paraguayo y latinoamericano.<\/p>\n<p data-start=\"2313\" data-end=\"2520\">\u00a0<\/p>\n<p><!--more--><\/p>\n\n\n<figure class=\"blockart-image blockart-image-cdbb911c\"><img fetchpriority=\"high\" decoding=\"async\" width=\"1536\" height=\"1024\" class=\"wp-image-639 hover-effect-static filter-none mask mask-none\" src=\"https:\/\/novaveritas.org\/certificaciones\/wp-content\/uploads\/2026\/02\/novaveritas_house.png\" alt=\"\" srcset=\"https:\/\/novaveritas.org\/certificaciones\/wp-content\/uploads\/2026\/02\/novaveritas_house.png 1536w, https:\/\/novaveritas.org\/certificaciones\/wp-content\/uploads\/2026\/02\/novaveritas_house-300x200.png 300w, https:\/\/novaveritas.org\/certificaciones\/wp-content\/uploads\/2026\/02\/novaveritas_house-1024x683.png 1024w, https:\/\/novaveritas.org\/certificaciones\/wp-content\/uploads\/2026\/02\/novaveritas_house-768x512.png 768w\" sizes=\"(max-width: 1536px) 100vw, 1536px\" \/><\/figure>\n\n\n\n<script src='https:\/\/cdn.jotfor.ms\/s\/umd\/latest\/for-embedded-agent.js'><\/script>\n<script>\n  window.addEventListener(\"DOMContentLoaded\", function() {\n    window.AgentInitializer.init({\n      agentRenderURL: \"https:\/\/agent.jotform.com\/0195708d257c7916a17dce0a2c5b6ef4fdd6\",\n      rootId: \"JotformAgent-0195708d257c7916a17dce0a2c5b6ef4fdd6\",\n      formID: \"0195708d257c7916a17dce0a2c5b6ef4fdd6\",\n      queryParams: [\"skipWelcome=1\", \"maximizable=1\"],\n      domain: \"https:\/\/www.jotform.com\",\n      isDraggable: false,\n      background: \"linear-gradient(180deg, #6C73A8 0%, #6C73A8 100%)\",\n      buttonBackgroundColor: \"#0066C3\",\n      buttonIconColor: \"#FFFFFF\",\n      variant: false,\n      customizations: {\n        \"greeting\": \"Yes\",\n        \"greetingMessage\": \"Saludos, \u00bfc\u00f3mo puedo ayudarle?\",\n        \"openByDefault\": \"No\",\n        \"pulse\": \"Yes\",\n        \"position\": \"right\",\n        \"autoOpenChatIn\": \"0\"\n      },\n      isVoice: undefined\n    });\n  });\n<\/script>\n","protected":false},"excerpt":{"rendered":"<p>Novaveritas S.A. es un organismo certificador paraguayo especializado en auditor\u00eda y certificaci\u00f3n de sistemas de gesti\u00f3n bajo est\u00e1ndares internacionales ISO. Emite certificaciones propias bajo esquemas privados; realiza auditor\u00edas de tercera parte en nombre de organismos de certificaci\u00f3n acreditados, y opera en representaci\u00f3n de Organismos de Certificaci\u00f3n y de Inspecci\u00f3n reconocidos y acreditados internacionalmente bajo el [&hellip;]<\/p>\n","protected":false},"author":3,"featured_media":0,"parent":0,"menu_order":0,"comment_status":"closed","ping_status":"closed","template":"","meta":{"zakra_page_container_layout":"customizer","zakra_page_sidebar_layout":"customizer","zakra_remove_content_margin":false,"zakra_sidebar":"customizer","zakra_transparent_header":"customizer","zakra_logo":0,"zakra_main_header_style":"default","zakra_menu_item_color":"","zakra_menu_item_hover_color":"","zakra_menu_item_active_color":"","zakra_menu_active_style":"","zakra_page_header":true,"footnotes":""},"class_list":["post-22","page","type-page","status-publish","hentry"],"_links":{"self":[{"href":"https:\/\/novaveritas.org\/certificaciones\/index.php\/wp-json\/wp\/v2\/pages\/22","targetHints":{"allow":["GET"]}}],"collection":[{"href":"https:\/\/novaveritas.org\/certificaciones\/index.php\/wp-json\/wp\/v2\/pages"}],"about":[{"href":"https:\/\/novaveritas.org\/certificaciones\/index.php\/wp-json\/wp\/v2\/types\/page"}],"author":[{"embeddable":true,"href":"https:\/\/novaveritas.org\/certificaciones\/index.php\/wp-json\/wp\/v2\/users\/3"}],"replies":[{"embeddable":true,"href":"https:\/\/novaveritas.org\/certificaciones\/index.php\/wp-json\/wp\/v2\/comments?post=22"}],"version-history":[{"count":25,"href":"https:\/\/novaveritas.org\/certificaciones\/index.php\/wp-json\/wp\/v2\/pages\/22\/revisions"}],"predecessor-version":[{"id":640,"href":"https:\/\/novaveritas.org\/certificaciones\/index.php\/wp-json\/wp\/v2\/pages\/22\/revisions\/640"}],"wp:attachment":[{"href":"https:\/\/novaveritas.org\/certificaciones\/index.php\/wp-json\/wp\/v2\/media?parent=22"}],"curies":[{"name":"wp","href":"https:\/\/api.w.org\/{rel}","templated":true}]}}