{"id":25,"date":"2023-03-26T03:07:34","date_gmt":"2023-03-26T03:07:34","guid":{"rendered":"https:\/\/novaveritas.org\/certificaciones\/?page_id=25"},"modified":"2025-11-03T19:15:37","modified_gmt":"2025-11-03T19:15:37","slug":"acreditaciones","status":"publish","type":"page","link":"https:\/\/novaveritas.org\/certificaciones\/index.php\/acreditaciones\/","title":{"rendered":"Acreditaciones"},"content":{"rendered":"<h1><img fetchpriority=\"high\" decoding=\"async\" class=\"alignnone  wp-image-258\" src=\"https:\/\/novaveritas.org\/certificaciones\/wp-content\/uploads\/2024\/06\/Memorando-de-Acuerdo-de-representacion-entre-Novaveritas-S.A.-y-TNV-India.png\" alt=\"\" width=\"1024\" height=\"576\" srcset=\"https:\/\/novaveritas.org\/certificaciones\/wp-content\/uploads\/2024\/06\/Memorando-de-Acuerdo-de-representacion-entre-Novaveritas-S.A.-y-TNV-India.png 1024w, https:\/\/novaveritas.org\/certificaciones\/wp-content\/uploads\/2024\/06\/Memorando-de-Acuerdo-de-representacion-entre-Novaveritas-S.A.-y-TNV-India-300x169.png 300w, https:\/\/novaveritas.org\/certificaciones\/wp-content\/uploads\/2024\/06\/Memorando-de-Acuerdo-de-representacion-entre-Novaveritas-S.A.-y-TNV-India-768x432.png 768w, https:\/\/novaveritas.org\/certificaciones\/wp-content\/uploads\/2024\/06\/Memorando-de-Acuerdo-de-representacion-entre-Novaveritas-S.A.-y-TNV-India-470x264.png 470w\" sizes=\"(max-width: 1024px) 100vw, 1024px\" \/><\/h1>\n<h1>Acreditaci\u00f3n reconocida por ONA Paraguay<\/h1>\n<p>Estamos orgullosos de anunciar que <a href=\"https:\/\/novaveritas.org\/certificaciones\/acreditacion\/acreditaciones.pdf\" target=\"_blank\" rel=\"noopener\">NOVAVERITAS S.A., en alianza con TNV CERTIFICATION PVT Ltd,<\/a> ahora ofrece certificaci\u00f3n ISO acreditada. TNV CERTIFICATION PVT Ltd, est\u00e1 acreditado por United Accreditation Foundation (UAF) de Estados Unidos, lo que garantiza la calidad y la fiabilidad de nuestras certificaciones.<\/p>\n<p>Por segundo a\u00f1os consecutivo, el <a href=\"https:\/\/www.conacyt.gov.py\/reconocimientos-de-acreditacion-ONA\" target=\"_blank\" rel=\"noopener\">Organismo Nacional de Acreditaci\u00f3n del Paraguay (ONA) <\/a>nos honr\u00f3 reconociendo el certificado de acreditaci\u00f3n de nuestro representado TNV CERTIFICATION PVT Ltd, Por consiguiente, NOVAVERITAS, como su contraparte en Paraguay, se encuentra oficialmente autorizada para emitir certificaciones en las normas ISO.<\/p>\n<p>Adicionalmente incorporamos a nuestra oferta de certificaciones acreditadas la norma ISO 18788:2015, y una vez m\u00e1s <a href=\"https:\/\/www.conacyt.gov.py\/reconocimientos-de-acreditacion-ONA\" target=\"_blank\" rel=\"noopener\">ONA de Paraguay reconoce esta certificaci\u00f3n acreditada<\/a>.<\/p>\n<p>Este reconocimiento es particularmente importante, considerando que el Estado Paraguayo exige a sus proveedores contar con una certificaci\u00f3n ISO acreditada o reconocida por el ONA. Esta nueva capacidad de NOVAVERITAS para emitir certificaciones ISO acreditadas reconocidad por el Organismo Nacional de Acreditaci\u00f3n del Paraguay proporciona a las empresas paraguayas una soluci\u00f3n confiable y local para cumplir con estos requisitos normativos, fortaleciendo as\u00ed su competitividad y posicionamiento en el mercado.<\/p>\n<p>Con este avance, reafirmamos nuestro compromiso con la excelencia y la mejora continua, ofreciendo a nuestros clientes la confianza y la seguridad de que sus sistemas de gesti\u00f3n cumplen con los m\u00e1s altos est\u00e1ndares internacionales.<\/p>\n<p><script type=\"text\/javascript\" src=\"https:\/\/form.jotform.com\/jsform\/241503505365046\"><\/script><\/p>\n\n\n<h4 class=\"wp-block-heading\"><strong>\u00bfQu\u00e9 es la acreditaci\u00f3n?<\/strong><\/h4>\n\n\n\n<p>La <strong>acreditaci\u00f3n en las normas ISO<\/strong> es el proceso mediante el cual un organismo independiente, generalmente conocido como <strong>organismo de acreditaci\u00f3n<\/strong>, por ejemplo, <a href=\"https:\/\/uafaccreditation.org\/\" target=\"_blank\" rel=\"noreferrer noopener\">UAF de Estados Unidos<\/a>, o el <a href=\"https:\/\/www.conacyt.gov.py\/ona\" target=\"_blank\" rel=\"noreferrer noopener\">ONA de Paraguay<\/a>, <a href=\"https:\/\/www.ema.org.mx\/portal_v3\/\" target=\"_blank\" rel=\"noreferrer noopener\">EMA de M\u00e9xico,<\/a> eval\u00faa y certifica que un <strong>organismo de certificaci\u00f3n<\/strong>, en el sentido de dar fe que cumple con los est\u00e1ndares y requisitos internacionales necesarios para certificar a otras organizaciones conforme a las normas ISO.<\/p>\n\n\n\n<p>Este proceso tiene como objetivo garantizar que las certificaciones emitidas por los organismos de certificaci\u00f3n sean confiables y est\u00e9n basadas en criterios rigurosos, siguiendo est\u00e1ndares reconocidos mundialmente. La acreditaci\u00f3n confirma que el organismo de certificaci\u00f3n tiene la competencia t\u00e9cnica y la capacidad para realizar auditor\u00edas y emitir certificados v\u00e1lidos.<\/p>\n\n\n\n<p><\/p>\n\n\n\n<h4 class=\"wp-block-heading\"><strong>Caracter\u00edsticas de la acreditaci\u00f3n:<\/strong><\/h4>\n\n\n\n<ul class=\"wp-block-list\">\n<li><strong>Imparcialidad<\/strong>: Los organismos de acreditaci\u00f3n act\u00faan de manera independiente, sin influencias externas.<\/li>\n\n\n\n<li><strong>Normas aplicadas<\/strong>: El proceso de acreditaci\u00f3n se basa en la norma ISO\/IEC 17021 para organismos que certifican sistemas de gesti\u00f3n.<\/li>\n\n\n\n<li><strong>Reconocimiento internacional<\/strong>: Los organismos de acreditaci\u00f3n suelen estar reconocidos por acuerdos internacionales (como el <strong>IAF<\/strong>, Foro Internacional de Acreditaci\u00f3n) que permiten el reconocimiento mutuo de certificados a nivel mundial.<\/li>\n<\/ul>\n\n\n\n<h2 class=\"wp-block-heading\">Empresas certificadas<\/h2>\n\n\n\n<p>En este espacio encontrar\u00e1s <a href=\"https:\/\/novaveritas.org\/certificaciones\/certificaciones\/registro-certificaciones.pdf\" target=\"_blank\" rel=\"noreferrer noopener\">las empresas certificadas por Novaveritas en Paraguay y otros pa\u00edses<\/a>, demostrando nuestro compromiso con la excelencia en sistemas de gesti\u00f3n. Cada certificaci\u00f3n es un respaldo a los altos est\u00e1ndares alcanzados por estas organizaciones.<\/p>\n\n\n\n<p>La validez de los certificados emitidos puede ser verificada a trav\u00e9s de la plataforma oficial: <a href=\"https:\/\/www.iafcertsearch.org\" target=\"_blank\" rel=\"noreferrer noopener\">IAF CertSearch<\/a>.<\/p>\n\n\n\n<script src='https:\/\/cdn.jotfor.ms\/s\/umd\/latest\/for-embedded-agent.js'><\/script>\n<script>\n  window.addEventListener(\"DOMContentLoaded\", function() {\n    window.AgentInitializer.init({\n      agentRenderURL: \"https:\/\/agent.jotform.com\/0195708d257c7916a17dce0a2c5b6ef4fdd6\",\n      rootId: \"JotformAgent-0195708d257c7916a17dce0a2c5b6ef4fdd6\",\n      formID: \"0195708d257c7916a17dce0a2c5b6ef4fdd6\",\n      queryParams: [\"skipWelcome=1\", \"maximizable=1\"],\n      domain: \"https:\/\/www.jotform.com\",\n      isDraggable: false,\n      background: \"linear-gradient(180deg, #6C73A8 0%, #6C73A8 100%)\",\n      buttonBackgroundColor: \"#0066C3\",\n      buttonIconColor: \"#FFFFFF\",\n      variant: false,\n      customizations: {\n        \"greeting\": \"Yes\",\n        \"greetingMessage\": \"Hi! How can I assist you?\",\n        \"openByDefault\": \"No\",\n        \"pulse\": \"Yes\",\n        \"position\": \"right\",\n        \"autoOpenChatIn\": \"0\"\n      },\n      isVoice: false\n    });\n  });\n<\/script>\n","protected":false},"excerpt":{"rendered":"<p>Acreditaci\u00f3n reconocida por ONA Paraguay Estamos orgullosos de anunciar que NOVAVERITAS S.A., en alianza con TNV CERTIFICATION PVT Ltd, ahora ofrece certificaci\u00f3n ISO acreditada. TNV CERTIFICATION PVT Ltd, est\u00e1 acreditado por United Accreditation Foundation (UAF) de Estados Unidos, lo que garantiza la calidad y la fiabilidad de nuestras certificaciones. Por segundo a\u00f1os consecutivo, el Organismo [&hellip;]<\/p>\n","protected":false},"author":3,"featured_media":0,"parent":0,"menu_order":0,"comment_status":"closed","ping_status":"closed","template":"","meta":{"zakra_page_container_layout":"customizer","zakra_page_sidebar_layout":"customizer","zakra_remove_content_margin":false,"zakra_sidebar":"customizer","zakra_transparent_header":"customizer","zakra_logo":0,"zakra_main_header_style":"default","zakra_menu_item_color":"","zakra_menu_item_hover_color":"","zakra_menu_item_active_color":"","zakra_menu_active_style":"","zakra_page_header":true,"footnotes":""},"class_list":["post-25","page","type-page","status-publish","hentry"],"_links":{"self":[{"href":"https:\/\/novaveritas.org\/certificaciones\/index.php\/wp-json\/wp\/v2\/pages\/25","targetHints":{"allow":["GET"]}}],"collection":[{"href":"https:\/\/novaveritas.org\/certificaciones\/index.php\/wp-json\/wp\/v2\/pages"}],"about":[{"href":"https:\/\/novaveritas.org\/certificaciones\/index.php\/wp-json\/wp\/v2\/types\/page"}],"author":[{"embeddable":true,"href":"https:\/\/novaveritas.org\/certificaciones\/index.php\/wp-json\/wp\/v2\/users\/3"}],"replies":[{"embeddable":true,"href":"https:\/\/novaveritas.org\/certificaciones\/index.php\/wp-json\/wp\/v2\/comments?post=25"}],"version-history":[{"count":16,"href":"https:\/\/novaveritas.org\/certificaciones\/index.php\/wp-json\/wp\/v2\/pages\/25\/revisions"}],"predecessor-version":[{"id":607,"href":"https:\/\/novaveritas.org\/certificaciones\/index.php\/wp-json\/wp\/v2\/pages\/25\/revisions\/607"}],"wp:attachment":[{"href":"https:\/\/novaveritas.org\/certificaciones\/index.php\/wp-json\/wp\/v2\/media?parent=25"}],"curies":[{"name":"wp","href":"https:\/\/api.w.org\/{rel}","templated":true}]}}