{"id":30,"date":"2023-03-26T03:12:37","date_gmt":"2023-03-26T03:12:37","guid":{"rendered":"https:\/\/novaveritas.org\/certificaciones\/?page_id=30"},"modified":"2023-03-26T03:12:37","modified_gmt":"2023-03-26T03:12:37","slug":"reglamento","status":"publish","type":"page","link":"https:\/\/novaveritas.org\/certificaciones\/index.php\/reglamento\/","title":{"rendered":"Reglamento"},"content":{"rendered":"<h1>Reglamento General de Certificaciones de Sistemas de Gesti\u00f3n<\/h1>\n<p>Novaveritas es una entidad aut\u00f3noma e independiente dedicada a prestar servicios de certificaci\u00f3n no acreditada cuyo principal objetivo es certificar los sistemas de gesti\u00f3n de las PYMEs en la Rep\u00fablica del Paraguay, entidades que disponen de recursos escasos, pero cuyo entusiasmo y compromiso con la calidad, el medio ambiente y la salud y seguridad del trabajo, los lleva a buscar soluciones en materia de certificaci\u00f3n.<\/p>\n<p>Novaveritas, pensando en su mercado objetivo, ha solicitado al ONA de Paraguay que eval\u00fae la conformidad de nuestro sistema de gesti\u00f3n, basado en la <strong>Norma ISO\/IEC 17021:2018,<\/strong> para otorgar certificaciones de acuerdo con los requisitos de las normas NP 9001, NP 14001, NP 45001, en su edici\u00f3n vigente.<\/p>\n<p>Para ello, hemos dise\u00f1ado el Reglamento General de Certificaciones de Sistemas de Gesti\u00f3n, cuyo objetivo es establecer el proceso y las condiciones generales de certificaci\u00f3n bas\u00e1ndonos en la disciplina implementada, el proceso de auditor\u00eda y la posterior decisi\u00f3n de certificaci\u00f3n y concesi\u00f3n del certificado. Nuestro Reglamento General de Certificaciones de Sistemas de Gesti\u00f3n contiene los siguientes apartados:<\/p>\n<ol>\n<li>Introducci\u00f3n<\/li>\n<li>Objetivo<\/li>\n<li>Definiciones<\/li>\n<li>Proceso de certificaci\u00f3n<\/li>\n<li>Renovaci\u00f3n del certificado<\/li>\n<li>Registro<\/li>\n<li>Marcas NV<\/li>\n<li>Usos de la marca NV<\/li>\n<li>Compromisos<\/li>\n<li>Sanciones<\/li>\n<li>Quejas y apelaciones<\/li>\n<li>Quejas sobre el servicio NV<\/li>\n<li>Quejas a NV respecto del comportamiento de las empresas certificadas por NV<\/li>\n<li>Renuncia al contrato<\/li>\n<li>T\u00e9rmino del contrato<\/li>\n<li>Confidencialidad de la informaci\u00f3n<\/li>\n<li>Publicidad<\/li>\n<li>Uso abusivo de la marca NV<\/li>\n<li>Condiciones econ\u00f3micas<\/li>\n<li>Modificaciones<\/li>\n<li>Reglamento espec\u00edfico de la certificaci\u00f3n de sistemas de gesti\u00f3n de la calidad bajo la norma NP 9001<\/li>\n<li>Reglamento espec\u00edfico de la certificaci\u00f3n de sistemas de gesti\u00f3n ambiental bajo la norma NP 14001<\/li>\n<li>Reglamento espec\u00edfico de la certificaci\u00f3n de sistemas de gesti\u00f3n de Seguridad y Salud del Trabajo bajo la norma NP 45001<\/li>\n<\/ol>\n","protected":false},"excerpt":{"rendered":"<p>Reglamento General de Certificaciones de Sistemas de Gesti\u00f3n Novaveritas es una entidad aut\u00f3noma e independiente dedicada a prestar servicios de certificaci\u00f3n no acreditada cuyo principal objetivo es certificar los sistemas de gesti\u00f3n de las PYMEs en la Rep\u00fablica del Paraguay, entidades que disponen de recursos escasos, pero cuyo entusiasmo y compromiso con la calidad, el [&hellip;]<\/p>\n","protected":false},"author":3,"featured_media":0,"parent":0,"menu_order":0,"comment_status":"closed","ping_status":"closed","template":"","meta":{"zakra_page_container_layout":"customizer","zakra_page_sidebar_layout":"customizer","zakra_remove_content_margin":false,"zakra_sidebar":"customizer","zakra_transparent_header":"customizer","zakra_logo":0,"zakra_main_header_style":"default","zakra_menu_item_color":"","zakra_menu_item_hover_color":"","zakra_menu_item_active_color":"","zakra_menu_active_style":"","zakra_page_header":true,"footnotes":""},"class_list":["post-30","page","type-page","status-publish","hentry"],"_links":{"self":[{"href":"https:\/\/novaveritas.org\/certificaciones\/index.php\/wp-json\/wp\/v2\/pages\/30","targetHints":{"allow":["GET"]}}],"collection":[{"href":"https:\/\/novaveritas.org\/certificaciones\/index.php\/wp-json\/wp\/v2\/pages"}],"about":[{"href":"https:\/\/novaveritas.org\/certificaciones\/index.php\/wp-json\/wp\/v2\/types\/page"}],"author":[{"embeddable":true,"href":"https:\/\/novaveritas.org\/certificaciones\/index.php\/wp-json\/wp\/v2\/users\/3"}],"replies":[{"embeddable":true,"href":"https:\/\/novaveritas.org\/certificaciones\/index.php\/wp-json\/wp\/v2\/comments?post=30"}],"version-history":[{"count":1,"href":"https:\/\/novaveritas.org\/certificaciones\/index.php\/wp-json\/wp\/v2\/pages\/30\/revisions"}],"predecessor-version":[{"id":31,"href":"https:\/\/novaveritas.org\/certificaciones\/index.php\/wp-json\/wp\/v2\/pages\/30\/revisions\/31"}],"wp:attachment":[{"href":"https:\/\/novaveritas.org\/certificaciones\/index.php\/wp-json\/wp\/v2\/media?parent=30"}],"curies":[{"name":"wp","href":"https:\/\/api.w.org\/{rel}","templated":true}]}}