{"id":46,"date":"2023-03-26T03:56:31","date_gmt":"2023-03-26T03:56:31","guid":{"rendered":"https:\/\/novaveritas.org\/certificaciones\/?page_id=46"},"modified":"2026-02-21T20:01:20","modified_gmt":"2026-02-21T20:01:20","slug":"capacitacion","status":"publish","type":"page","link":"https:\/\/novaveritas.org\/certificaciones\/index.php\/capacitacion\/","title":{"rendered":"Capacitacion"},"content":{"rendered":"<p>Novaveritas, por medio del \u00e1rea educativa <a href=\"https:\/\/www.novaveritas.education\/ecampus\/\" target=\"_blank\" rel=\"noopener\">Novaveritas Academy<\/a>, proporciona acciones de formaci\u00f3n por competencias. Novaveritas Academy es una divisi\u00f3n de Management Academy LLC de los Estados Unidos.<\/p>\n<p><a href=\"https:\/\/www.novaveritas.education\/ecampus\/\" target=\"_blank\" rel=\"noopener\"><img fetchpriority=\"high\" decoding=\"async\" class=\"aligncenter size-full wp-image-211\" src=\"https:\/\/novaveritas.org\/certificaciones\/wp-content\/uploads\/2024\/04\/nv-ecampus.gif\" alt=\"\" width=\"1024\" height=\"576\" \/><\/a><\/p>\n<table>\n<tbody>\n<tr>\n<td>Nombre del curso<\/td>\n<td>Inversi\u00f3n<\/td>\n<\/tr>\n<tr>\n<td><img decoding=\"async\" class=\"wp-image-144\" src=\"http:\/\/www.novaveritas.education\/wp-content\/uploads\/2024\/04\/nv-25-25.gif\" alt=\"\" width=\"25\" height=\"25\" \/>\u00a0<a href=\"https:\/\/www.novaveritas.education\/index.php\/dc-auditor_iso_90012015\/\">Formaci\u00f3n Auditor ISO 9001:2018<\/a><\/td>\n<td><a href=\"https:\/\/www.novaveritas.education\/index.php\/dc-auditor_iso_90012015\/\">US$ 199.00<\/a><\/td>\n<\/tr>\n<tr>\n<td><img decoding=\"async\" class=\"wp-image-144\" src=\"http:\/\/www.novaveritas.education\/wp-content\/uploads\/2024\/04\/nv-25-25.gif\" alt=\"\" width=\"25\" height=\"25\" \/>\u00a0<a href=\"https:\/\/www.novaveritas.education\/index.php\/dc-auditor_iso_140012015\/\">Formaci\u00f3n Auditor ISO 14001:2015<\/a><\/td>\n<td><a href=\"https:\/\/www.novaveritas.education\/index.php\/dc-auditor_iso_140012015\/\">US$ 199.00<\/a><\/td>\n<\/tr>\n<tr>\n<td><img decoding=\"async\" class=\"wp-image-144\" src=\"http:\/\/www.novaveritas.education\/wp-content\/uploads\/2024\/04\/nv-25-25.gif\" alt=\"\" width=\"25\" height=\"25\" \/>\u00a0<a href=\"https:\/\/www.novaveritas.education\/index.php\/dc-auditor_iso_450012018\/\">Formaci\u00f3n Auditor ISO 45001:2018<\/a><\/td>\n<td><a href=\"https:\/\/www.novaveritas.education\/index.php\/dc-auditor_iso_450012018\/\">US$ 199.00<\/a><\/td>\n<\/tr>\n<tr>\n<td><img decoding=\"async\" class=\"wp-image-144\" src=\"http:\/\/www.novaveritas.education\/wp-content\/uploads\/2024\/04\/nv-25-25.gif\" alt=\"\" width=\"25\" height=\"25\" \/>\u00a0<a href=\"https:\/\/www.novaveritas.education\/index.php\/dc_auditor_iso_220002018\/\">Formacion Auditor ISO 22000:2018<\/a><\/td>\n<td><a href=\"https:\/\/www.novaveritas.education\/index.php\/dc_auditor_iso_220002018\/\">US$ 199.00<\/a><\/td>\n<\/tr>\n<tr>\n<td><img decoding=\"async\" class=\"wp-image-144\" src=\"http:\/\/www.novaveritas.education\/wp-content\/uploads\/2024\/04\/nv-25-25.gif\" alt=\"\" width=\"25\" height=\"25\" \/>\u00a0<a href=\"https:\/\/www.novaveritas.education\/index.php\/dc_auditor_iso_270012022\/\">Formaci\u00f3n Auditor ISO 27001:2022<\/a><\/td>\n<td><a href=\"https:\/\/www.novaveritas.education\/index.php\/dc_auditor_iso_270012022\/\">US$ 199.00<\/a><\/td>\n<\/tr>\n<tr>\n<td><img decoding=\"async\" class=\"wp-image-144\" src=\"http:\/\/www.novaveritas.education\/wp-content\/uploads\/2024\/04\/nv-25-25.gif\" alt=\"\" width=\"25\" height=\"25\" \/>\u00a0<a href=\"https:\/\/www.novaveritas.education\/index.php\/dc_auditor_iso_500012018\/\">Formaci\u00f3n Auditor ISO 50001:2018<\/a><\/td>\n<td><a href=\"https:\/\/www.novaveritas.education\/index.php\/dc_auditor_iso_500012018\/\">US$ 249.00<\/a><\/td>\n<\/tr>\n<tr>\n<td><img decoding=\"async\" class=\"wp-image-144\" src=\"http:\/\/www.novaveritas.education\/wp-content\/uploads\/2024\/04\/nv-25-25.gif\" alt=\"\" width=\"25\" height=\"25\" \/>\u00a0<a href=\"https:\/\/www.novaveritas.education\/index.php\/dc_auditor_iso-iec_170252018-2\/\">Formaci\u00f3n Auditor ISO\/IEC 17025:2017<\/a><\/td>\n<td><a href=\"https:\/\/www.novaveritas.education\/index.php\/dc_auditor_iso-iec_170252018-2\/\">US$ 199.00<\/a><\/td>\n<\/tr>\n<tr>\n<td><img decoding=\"async\" class=\"wp-image-144\" src=\"http:\/\/www.novaveritas.education\/wp-content\/uploads\/2024\/04\/nv-25-25.gif\" alt=\"\" width=\"25\" height=\"25\" \/>\u00a0Continuidad Certificado Auditor L\u00edder<\/td>\n<td>US$ 120.00<\/td>\n<\/tr>\n<tr>\n<td><img decoding=\"async\" class=\"wp-image-144\" src=\"http:\/\/www.novaveritas.education\/wp-content\/uploads\/2024\/04\/nv-25-25.gif\" alt=\"\" width=\"25\" height=\"25\" \/>\u00a0<a href=\"https:\/\/www.novaveritas.education\/index.php\/dc_gestion-riesgo_iso_31000\/\" data-type=\"page\" data-id=\"195\">Formaci\u00f3n Gesti\u00f3n del Riesgo ISO 31000<\/a><\/td>\n<td><a href=\"https:\/\/www.novaveritas.education\/index.php\/dc_gestion-riesgo_iso_31000\/\" data-type=\"page\" data-id=\"195\">US$ 189.00<\/a><\/td>\n<\/tr>\n<\/tbody>\n<\/table>\n\n\n<div style=\"text-align:center; margin:20px 0;\">\n  <a href=\"https:\/\/wa.me\/595985626547?text=Hola%20quiero%20informaci\u00f3n%20sobre%20certificaciones%20ISO%20y%20cursos%20ENI\" \n     target=\"_blank\" \n     rel=\"noopener noreferrer\">\n     \n    <img decoding=\"async\" src=\"https:\/\/novaveritas.org\/certificaciones\/banner\/banner_ENI.gif\" \n         alt=\"Certificaciones ISO y Cursos ENI\" \n         style=\"max-width:100%; height:auto; display:block; margin:0 auto; border-radius:8px;\">\n         \n  <\/a>\n<\/div>\n\n","protected":false},"excerpt":{"rendered":"<p>Novaveritas, por medio del \u00e1rea educativa Novaveritas Academy, proporciona acciones de formaci\u00f3n por competencias. Novaveritas Academy es una divisi\u00f3n de Management Academy LLC de los Estados Unidos. Nombre del curso Inversi\u00f3n \u00a0Formaci\u00f3n Auditor ISO 9001:2018 US$ 199.00 \u00a0Formaci\u00f3n Auditor ISO 14001:2015 US$ 199.00 \u00a0Formaci\u00f3n Auditor ISO 45001:2018 US$ 199.00 \u00a0Formacion Auditor ISO 22000:2018 US$ 199.00 [&hellip;]<\/p>\n","protected":false},"author":3,"featured_media":0,"parent":0,"menu_order":0,"comment_status":"closed","ping_status":"closed","template":"","meta":{"zakra_page_container_layout":"customizer","zakra_page_sidebar_layout":"customizer","zakra_remove_content_margin":false,"zakra_sidebar":"customizer","zakra_transparent_header":"customizer","zakra_logo":0,"zakra_main_header_style":"default","zakra_menu_item_color":"","zakra_menu_item_hover_color":"","zakra_menu_item_active_color":"","zakra_menu_active_style":"","zakra_page_header":true,"footnotes":""},"class_list":["post-46","page","type-page","status-publish","hentry"],"_links":{"self":[{"href":"https:\/\/novaveritas.org\/certificaciones\/index.php\/wp-json\/wp\/v2\/pages\/46","targetHints":{"allow":["GET"]}}],"collection":[{"href":"https:\/\/novaveritas.org\/certificaciones\/index.php\/wp-json\/wp\/v2\/pages"}],"about":[{"href":"https:\/\/novaveritas.org\/certificaciones\/index.php\/wp-json\/wp\/v2\/types\/page"}],"author":[{"embeddable":true,"href":"https:\/\/novaveritas.org\/certificaciones\/index.php\/wp-json\/wp\/v2\/users\/3"}],"replies":[{"embeddable":true,"href":"https:\/\/novaveritas.org\/certificaciones\/index.php\/wp-json\/wp\/v2\/comments?post=46"}],"version-history":[{"count":6,"href":"https:\/\/novaveritas.org\/certificaciones\/index.php\/wp-json\/wp\/v2\/pages\/46\/revisions"}],"predecessor-version":[{"id":635,"href":"https:\/\/novaveritas.org\/certificaciones\/index.php\/wp-json\/wp\/v2\/pages\/46\/revisions\/635"}],"wp:attachment":[{"href":"https:\/\/novaveritas.org\/certificaciones\/index.php\/wp-json\/wp\/v2\/media?parent=46"}],"curies":[{"name":"wp","href":"https:\/\/api.w.org\/{rel}","templated":true}]}}